{"id":2,"date":"2025-11-01T10:29:42","date_gmt":"2025-11-01T10:29:42","guid":{"rendered":"https:\/\/mnkuru.com\/site\/?page_id=2"},"modified":"2026-01-09T18:12:12","modified_gmt":"2026-01-09T18:12:12","slug":"sample-page","status":"publish","type":"page","link":"https:\/\/mnkuru.com\/site\/sample-page\/","title":{"rendered":"Dersler"},"content":{"rendered":"\n<figure class=\"wp-block-embed is-type-wp-embed is-provider-g-m wp-block-embed-g-m\"><div class=\"wp-block-embed__wrapper\">\n<blockquote class=\"wp-embedded-content\" data-secret=\"EoubaqWh45\"><a href=\"https:\/\/mnkuru.com\/site\/odev-yukleme-sistemi\/\">\u00d6dev Y\u00fckleme Sistemi<\/a><\/blockquote><iframe loading=\"lazy\" class=\"wp-embedded-content\" sandbox=\"allow-scripts\" security=\"restricted\" style=\"position: absolute; visibility: hidden;\" title=\"&#8220;\u00d6dev Y\u00fckleme Sistemi&#8221; &#8212; \" src=\"https:\/\/mnkuru.com\/site\/odev-yukleme-sistemi\/embed\/#?secret=Z4OzDNLhzR#?secret=EoubaqWh45\" data-secret=\"EoubaqWh45\" width=\"500\" height=\"282\" frameborder=\"0\" marginwidth=\"0\" marginheight=\"0\" scrolling=\"no\"><\/iframe>\n<\/div><\/figure>\n\n\n\n<p><a href=\"https:\/\/mnkuru.com\/site\/140-2\/\" data-type=\"link\" data-id=\"https:\/\/mnkuru.com\/site\/140-2\/\">Mekanik Tesisat Sistemleri (G\u00fcz D\u00f6nemi) Final S\u0131nav Konular\u0131<\/a><\/p>\n\n\n\n<p><\/p>\n\n\n\n<p><\/p>\n","protected":false},"excerpt":{"rendered":"<div class=\"mh-excerpt\"><p>Mekanik Tesisat Sistemleri (G\u00fcz D\u00f6nemi) Final S\u0131nav Konular\u0131<\/p>\n<\/div>","protected":false},"author":1,"featured_media":0,"parent":0,"menu_order":0,"comment_status":"closed","ping_status":"open","template":"","meta":{"footnotes":""},"class_list":["post-2","page","type-page","status-publish","hentry"],"jetpack_sharing_enabled":true,"_links":{"self":[{"href":"https:\/\/mnkuru.com\/site\/wp-json\/wp\/v2\/pages\/2","targetHints":{"allow":["GET"]}}],"collection":[{"href":"https:\/\/mnkuru.com\/site\/wp-json\/wp\/v2\/pages"}],"about":[{"href":"https:\/\/mnkuru.com\/site\/wp-json\/wp\/v2\/types\/page"}],"author":[{"embeddable":true,"href":"https:\/\/mnkuru.com\/site\/wp-json\/wp\/v2\/users\/1"}],"replies":[{"embeddable":true,"href":"https:\/\/mnkuru.com\/site\/wp-json\/wp\/v2\/comments?post=2"}],"version-history":[{"count":8,"href":"https:\/\/mnkuru.com\/site\/wp-json\/wp\/v2\/pages\/2\/revisions"}],"predecessor-version":[{"id":263,"href":"https:\/\/mnkuru.com\/site\/wp-json\/wp\/v2\/pages\/2\/revisions\/263"}],"wp:attachment":[{"href":"https:\/\/mnkuru.com\/site\/wp-json\/wp\/v2\/media?parent=2"}],"curies":[{"name":"wp","href":"https:\/\/api.w.org\/{rel}","templated":true}]}}