{"id":140,"date":"2025-11-03T19:28:58","date_gmt":"2025-11-03T19:28:58","guid":{"rendered":"https:\/\/mnkuru.com\/site\/?page_id=140"},"modified":"2026-01-09T18:04:25","modified_gmt":"2026-01-09T18:04:25","slug":"140-2","status":"publish","type":"page","link":"https:\/\/mnkuru.com\/site\/140-2\/","title":{"rendered":"Mekanik Tesisat Sistemleri (2025-2026 G\u00fcz D\u00f6nemi) Final S\u0131nav Konular\u0131"},"content":{"rendered":"\n<p>S\u0131navlar\u0131n\u0131z, en az 10 sayfadan olu\u015fmal\u0131 ve 8 adet resim i\u00e7ermelidir. \u00d6devlerinizi, \u00d6dev Y\u00fckleme Sistemi (\u00d6YS) kullanarak y\u00fckleyiniz.<\/p>\n\n\n\n<figure class=\"wp-block-table\"><table class=\"has-fixed-layout\"><tbody><tr><td><strong>Ad Soyad<\/strong><\/td><td><strong>\u00d6dev Konusu<\/strong><\/td><td><strong>K\u0131sa A\u00e7\u0131klama<\/strong><\/td><\/tr><tr><td>AHMET SEY\u0130D BEBEK<\/td><td>YANGIN TES\u0130SATI<\/td><td>Yang\u0131n Tesisat\u0131nda Yer Alan Ana Bile\u015fenleri Listeleyiniz ve kullan\u0131m ama\u00e7lar\u0131n\u0131 a\u00e7\u0131klay\u0131n\u0131z.<\/td><\/tr><tr><td>ARDA \u015eAZPINAR<\/td><td>VRF TES\u0130SATI<\/td><td>VRF (Variable Refrigerant Flow) sistemlerinde Yer Alan Ana Bile\u015fenleri Listeleyiniz ve kullan\u0131m ama\u00e7lar\u0131n\u0131 a\u00e7\u0131klay\u0131n\u0131z.<\/td><\/tr><tr><td>AY\u015eE ERBULUT<\/td><td>SIHH\u0130 TES\u0130SAT<\/td><td>S\u0131hhi Tesisatda Yer Alan Ana Bile\u015fenleri Listeleyiniz ve kullan\u0131m ama\u00e7lar\u0131n\u0131 a\u00e7\u0131klay\u0131n\u0131z.<\/td><\/tr><tr><td>EFE KILI\u00c7<\/td><td>OKS\u0130JEN TES\u0130SATI<\/td><td>Oksijen Tesisat\u0131nda Yer Alan Ana Bile\u015fenleri Listeleyiniz ve kullan\u0131m ama\u00e7lar\u0131n\u0131 a\u00e7\u0131klay\u0131n\u0131z.<\/td><\/tr><tr><td>EM\u0130RHAN \u00d6Z<\/td><td>DO\u011eALGAZ TES\u0130SATI<\/td><td>Do\u011falgaz Tesisat\u0131nda Yer Alan Ana Bile\u015fenleri Listeleyiniz ve kullan\u0131m ama\u00e7lar\u0131n\u0131 a\u00e7\u0131klay\u0131n\u0131z.<\/td><\/tr><tr><td>ENG\u0130N G\u00dcLER<\/td><td>SO\u011eUK HAVA DEPOSU<\/td><td>So\u011fuk Hava Deposunda Yer Alan Ana Bile\u015fenleri Listeleyiniz ve kullan\u0131m ama\u00e7lar\u0131n\u0131 a\u00e7\u0131klay\u0131n\u0131z.<\/td><\/tr><tr><td>FURKAN ATA\u015e<\/td><td>U\u00c7AKTA \u0130KL\u0130MLEND\u0130RME<\/td><td>U\u00e7aklarda kullan\u0131lan iklimlendirme sistemlerini a\u00e7\u0131klay\u0131n\u0131z<\/td><\/tr><tr><td>FURKAN SARI<\/td><td>LPG TES\u0130SATI<\/td><td>LPG Tesisat\u0131n\u0131 a\u00e7\u0131klay\u0131n\u0131z<\/td><\/tr><tr><td>KORAY \u015eENEL<\/td><td>MEYVE KURUTMA TES\u0130SATI<\/td><td>Meyve Kurutma \u0130\u015flemlerini A\u00e7\u0131klay\u0131n\u0131z, hangi i\u015flemlerden ge\u00e7iyor, hangi bile\u015fenler kullan\u0131l\u0131yor<\/td><\/tr><tr><td>MEHMET YUSUF G\u0130R\u0130T<\/td><td>SO\u011eUK ODA<\/td><td>A\u015f\u0131lar\u0131n kullan\u0131lmas\u0131nda ne i\u015fe yarar ? Bu oday\u0131 detayl\u0131ca anlat\u0131n\u0131z.<\/td><\/tr><tr><td>NEVZAT KER\u0130M VANLI<\/td><td>BUHAR JENERAT\u00d6R\u00dc<\/td><td>\u00c7al\u0131\u015fma prensibini a\u00e7\u0131klay\u0131n\u0131z<\/td><\/tr><tr><td>SADETT\u0130N \u00d6ZKAN<\/td><td>SERA ISITMA<\/td><td>Sera \u0131s\u0131tma konusunu a\u00e7\u0131klay\u0131n\u0131z<\/td><\/tr><tr><td>SAM\u0130 \u00d6ZEV<\/td><td>CNC MAK\u0130NES\u0130<\/td><td>CNC Makinesinde so\u011futma i\u015flemlerini a\u00e7\u0131klay\u0131n\u0131z.<\/td><\/tr><tr><td>SERHAT BAHADIR<\/td><td>ASANS\u00d6R<\/td><td>Asans\u00f6r tesisat\u0131n\u0131 a\u00e7\u0131klay\u0131n\u0131z<\/td><\/tr><tr><td>TALHA YILDIZ<\/td><td>\u0130\u015e KAZALARI<\/td><td>Mekanik Tesisat \u0130\u015f Kazalar\u0131 hakk\u0131nda bilgi veriniz<\/td><\/tr><tr><td>TURAN \u015e\u00dcKR\u00dc \u00c7AMCI<\/td><td>ISI POMPASI<\/td><td>Is\u0131 pompas\u0131 nedir, \u00e7al\u0131\u015fma prensbini a\u00e7\u0131klay\u0131n\u0131z<\/td><\/tr><tr><td>Y\u0130\u011e\u0130T EKER<\/td><td>ARA\u00c7LARDA SO\u011eUTMA<\/td><td>Ara\u00e7larsa so\u011futma sistemi nas\u0131l \u00e7al\u0131\u015f\u0131r ?<\/td><\/tr><tr><td>YUSUF G\u00d6R<\/td><td>TES\u0130SATDA KAYNAK<\/td><td>Tesisatda yap\u0131lan kaynak i\u015flemlerini a\u00e7\u0131klay\u0131n\u0131z.<\/td><\/tr><\/tbody><\/table><\/figure>\n","protected":false},"excerpt":{"rendered":"<div class=\"mh-excerpt\"><p>S\u0131navlar\u0131n\u0131z, en az 10 sayfadan olu\u015fmal\u0131 ve 8 adet resim i\u00e7ermelidir. \u00d6devlerinizi, \u00d6dev Y\u00fckleme Sistemi (\u00d6YS) kullanarak y\u00fckleyiniz. Ad Soyad \u00d6dev Konusu K\u0131sa A\u00e7\u0131klama AHMET <a class=\"mh-excerpt-more\" href=\"https:\/\/mnkuru.com\/site\/140-2\/\" title=\"Mekanik Tesisat Sistemleri (2025-2026 G\u00fcz D\u00f6nemi) Final S\u0131nav Konular\u0131\">[&#8230;]<\/a><\/p>\n<\/div>","protected":false},"author":1,"featured_media":0,"parent":0,"menu_order":0,"comment_status":"closed","ping_status":"closed","template":"","meta":{"footnotes":""},"class_list":["post-140","page","type-page","status-publish","hentry"],"jetpack_sharing_enabled":true,"_links":{"self":[{"href":"https:\/\/mnkuru.com\/site\/wp-json\/wp\/v2\/pages\/140","targetHints":{"allow":["GET"]}}],"collection":[{"href":"https:\/\/mnkuru.com\/site\/wp-json\/wp\/v2\/pages"}],"about":[{"href":"https:\/\/mnkuru.com\/site\/wp-json\/wp\/v2\/types\/page"}],"author":[{"embeddable":true,"href":"https:\/\/mnkuru.com\/site\/wp-json\/wp\/v2\/users\/1"}],"replies":[{"embeddable":true,"href":"https:\/\/mnkuru.com\/site\/wp-json\/wp\/v2\/comments?post=140"}],"version-history":[{"count":1,"href":"https:\/\/mnkuru.com\/site\/wp-json\/wp\/v2\/pages\/140\/revisions"}],"predecessor-version":[{"id":258,"href":"https:\/\/mnkuru.com\/site\/wp-json\/wp\/v2\/pages\/140\/revisions\/258"}],"wp:attachment":[{"href":"https:\/\/mnkuru.com\/site\/wp-json\/wp\/v2\/media?parent=140"}],"curies":[{"name":"wp","href":"https:\/\/api.w.org\/{rel}","templated":true}]}}